{"id":14,"date":"2025-09-11T07:17:03","date_gmt":"2025-09-11T07:17:03","guid":{"rendered":"https:\/\/kith.eu.com\/?page_id=14"},"modified":"2025-09-11T08:36:57","modified_gmt":"2025-09-11T08:36:57","slug":"trang-chu","status":"publish","type":"page","link":"https:\/\/kith.eu.com\/","title":{"rendered":"Trang Ch\u1ee7"},"content":{"rendered":"\t\t<div data-elementor-type=\"wp-page\" data-elementor-id=\"14\" class=\"elementor elementor-14\" data-elementor-post-type=\"page\">\n\t\t\t\t\t\t<section class=\"elementor-section elementor-top-section elementor-element elementor-element-14e17a6 elementor-section-boxed elementor-section-height-default elementor-section-height-default\" data-id=\"14e17a6\" data-element_type=\"section\">\n\t\t\t\t\t\t<div class=\"elementor-container elementor-column-gap-no\">\n\t\t\t\t\t<div class=\"elementor-column elementor-col-100 elementor-top-column elementor-element elementor-element-e1fd22a\" data-id=\"e1fd22a\" data-element_type=\"column\">\n\t\t\t<div class=\"elementor-widget-wrap elementor-element-populated\">\n\t\t\t\t\t\t<div class=\"elementor-element elementor-element-ba4e257 elementor-widget elementor-widget-image\" data-id=\"ba4e257\" data-element_type=\"widget\" data-widget_type=\"image.default\">\n\t\t\t\t<div class=\"elementor-widget-container\">\n\t\t\t\t\t\t\t\t\t\t\t\t\t\t\t<img fetchpriority=\"high\" decoding=\"async\" width=\"1020\" height=\"340\" src=\"https:\/\/kith.eu.com\/wp-content\/uploads\/2025\/09\/au88banner-1024x341.webp\" class=\"attachment-large size-large wp-image-47\" alt=\"au88banner\" srcset=\"https:\/\/kith.eu.com\/wp-content\/uploads\/2025\/09\/au88banner-1024x341.webp 1024w, https:\/\/kith.eu.com\/wp-content\/uploads\/2025\/09\/au88banner-300x100.webp 300w, https:\/\/kith.eu.com\/wp-content\/uploads\/2025\/09\/au88banner-768x256.webp 768w, https:\/\/kith.eu.com\/wp-content\/uploads\/2025\/09\/au88banner-1536x512.webp 1536w, https:\/\/kith.eu.com\/wp-content\/uploads\/2025\/09\/au88banner.webp 1920w\" sizes=\"(max-width: 1020px) 100vw, 1020px\" \/>\t\t\t\t\t\t\t\t\t\t\t\t\t\t\t<\/div>\n\t\t\t\t<\/div>\n\t\t\t\t\t<\/div>\n\t\t<\/div>\n\t\t\t\t\t<\/div>\n\t\t<\/section>\n\t\t\t\t<section class=\"elementor-section elementor-top-section elementor-element elementor-element-a73ed2d elementor-section-boxed elementor-section-height-default elementor-section-height-default\" data-id=\"a73ed2d\" data-element_type=\"section\">\n\t\t\t\t\t\t<div class=\"elementor-container elementor-column-gap-wide\">\n\t\t\t\t\t<div class=\"elementor-column elementor-col-100 elementor-top-column elementor-element elementor-element-64b85ae\" data-id=\"64b85ae\" data-element_type=\"column\">\n\t\t\t<div class=\"elementor-widget-wrap elementor-element-populated\">\n\t\t\t\t\t\t<div class=\"elementor-element elementor-element-6e62519 elementor-widget elementor-widget-heading\" data-id=\"6e62519\" data-element_type=\"widget\" data-widget_type=\"heading.default\">\n\t\t\t\t<div class=\"elementor-widget-container\">\n\t\t\t\t\t<h1 class=\"elementor-heading-title elementor-size-default\">AU88 \u2705 Link V\u00e0o Nh\u00e0 C\u00e1i\u3010AU88 Com\u3011| \u0110\u0103ng K\u00fd +8888k<\/h1>\t\t\t\t<\/div>\n\t\t\t\t<\/div>\n\t\t\t\t\t<\/div>\n\t\t<\/div>\n\t\t\t\t\t<\/div>\n\t\t<\/section>\n\t\t\t\t<section class=\"elementor-section elementor-top-section elementor-element elementor-element-19ce423 elementor-section-boxed elementor-section-height-default elementor-section-height-default\" data-id=\"19ce423\" data-element_type=\"section\">\n\t\t\t\t\t\t<div class=\"elementor-container elementor-column-gap-default\">\n\t\t\t\t\t<div class=\"elementor-column elementor-col-100 elementor-top-column elementor-element elementor-element-452fd0b\" data-id=\"452fd0b\" data-element_type=\"column\">\n\t\t\t<div class=\"elementor-widget-wrap elementor-element-populated\">\n\t\t\t\t\t\t<div class=\"elementor-element elementor-element-03a6446 elementor-blockquote--skin-border elementor-blockquote--button-color-official elementor-widget elementor-widget-blockquote\" data-id=\"03a6446\" data-element_type=\"widget\" data-widget_type=\"blockquote.default\">\n\t\t\t\t<div class=\"elementor-widget-container\">\n\t\t\t\t\t\t\t<blockquote class=\"elementor-blockquote\">\n\t\t\t<p class=\"elementor-blockquote__content\">\n\t\t\t\tLorem ipsum dolor sit amet, consectetur adipiscing elit. Ut elit tellus, luctus nec ullamcorper mattis, pulvinar dapibus leo.Lorem ipsum dolor sit amet consectetur adipiscing elit dolor\t\t\t<\/p>\n\t\t\t\t\t<\/blockquote>\n\t\t\t\t\t\t<\/div>\n\t\t\t\t<\/div>\n\t\t\t\t\t<\/div>\n\t\t<\/div>\n\t\t\t\t\t<\/div>\n\t\t<\/section>\n\t\t\t\t<section class=\"elementor-section elementor-top-section elementor-element elementor-element-675f0b6 elementor-section-boxed elementor-section-height-default elementor-section-height-default\" data-id=\"675f0b6\" data-element_type=\"section\">\n\t\t\t\t\t\t<div class=\"elementor-container elementor-column-gap-default\">\n\t\t\t\t\t<div class=\"elementor-column elementor-col-100 elementor-top-column elementor-element elementor-element-7f4c1da\" data-id=\"7f4c1da\" data-element_type=\"column\">\n\t\t\t<div class=\"elementor-widget-wrap elementor-element-populated\">\n\t\t\t\t\t\t<div class=\"elementor-element elementor-element-0c17629 elementor-widget elementor-widget-text-editor\" data-id=\"0c17629\" data-element_type=\"widget\" data-widget_type=\"text-editor.default\">\n\t\t\t\t<div class=\"elementor-widget-container\">\n\t\t\t\t\t\t\t\t\t<h3>L\u1ecbch s\u1eed h\u00ecnh th\u00e0nh web c\u00e1 c\u01b0\u1ee3c XIN88<\/h3><p>Th\u01b0\u01a1ng hi\u1ec7u\u00a0<b>XIN88\u00a0<\/b>ch\u00ednh th\u1ee9c ra m\u1eaft n\u0103m 2018 v\u00e0 \u0111\u00e3 \u0111\u0103ng k\u00fd h\u1ee3p ph\u00e1p \u1edf Costa Rica. \u0110\u1ecba ch\u1ec9 n\u00e0y c\u00f3 b\u01b0\u1edbc \u0111\u1ea7u x\u00e2y d\u1ef1ng th\u01b0\u01a1ng hi\u1ec7u v\u1eefng v\u00e0ng b\u1edfi s\u1ed1 v\u1ed1n s\u1edf h\u1eefu l\u00ean \u0111\u1ebfn 14 tri\u1ec7u USD. \u0110\u00e2y \u0111\u01b0\u1ee3c xem l\u00e0 website gi\u1ea3i tr\u00ed c\u00f3 ti\u1ec1m l\u1ef1c t\u00e0i ch\u00ednh v\u1eefng v\u00e0ng top \u0111\u1ea7u khu v\u1ef1c ch\u00e2u \u00c1. Theo ngu\u1ed3n \u0111\u00e1ng tin c\u1eady, \u0111\u1ebfn th\u00e1ng 10\/2024, nh\u00e0 c\u00e1i \u0111\u00e3 thu h\u00fat \u0111\u01b0\u1ee3c h\u01a1n 6 tri\u1ec7u th\u00e0nh vi\u00ean. Trong \u0111\u00f3, s\u1ed1 t\u00e0i kho\u1ea3n VIP \u0111\u00e3 c\u00e1n m\u1ed1c 1 tri\u1ec7u. C\u00e1c d\u1ecbch v\u1ee5 do th\u01b0\u01a1ng hi\u1ec7u n\u00e0y cung c\u1ea5p mang \u0111\u1ebfn c\u01a1 h\u1ed9i gi\u1ea3i tr\u00ed th\u00fa v\u1ecb, qua \u0111\u00f3 s\u1edf h\u1eefu \u0111\u01b0\u1ee3c s\u1ed1 l\u01b0\u1ee3ng th\u00e0nh vi\u00ean trung th\u00e0nh cao nh\u1ea5t.<\/p><h3>Gi\u1ea5y ph\u00e9p ho\u1ea1t \u0111\u1ed9ng XIN88 \u0111\u01b0\u1ee3c c\u1ea5p b\u1edfi t\u1ed5 ch\u1ee9c th\u1ea9m quy\u1ec3n<\/h3><p><b>XIN88<\/b>\u00a0nh\u1eadn gi\u1ea5y ph\u00e9p \u0111\u01b0\u1ee3c cung c\u1ea5p b\u1edfi t\u1ed5 ch\u1ee9c c\u00f3 th\u1ea9m quy\u1ec1n, qu\u1ea3n l\u00fd ch\u1eb7t ch\u1ebd m\u1ecdi ho\u1ea1t \u0111\u1ed9ng c\u1ee7a nh\u00e0 c\u00e1i. \u0110\u1ec3 c\u00f3 \u0111\u01b0\u1ee3c s\u1ef1 c\u00f4ng nh\u1eadn n\u00e0y, nh\u00e0 c\u00e1i \u0111\u00e3 ph\u1ea3i ch\u1ee9ng minh kh\u1ea3 n\u0103ng ho\u1ea1t \u0111\u1ed9ng c\u1ee7a m\u00ecnh. C\u1ee5 th\u1ec3 c\u00e1c \u0111\u01a1n v\u1ecb c\u1ea5p ph\u00e9p cho website n\u00e0y g\u1ed3m:<\/p><ul><li aria-level=\"1\">PAGCOR<\/li><li aria-level=\"1\">Neveda.<\/li><\/ul><h2>\u01afu \u0111i\u1ec3m n\u1ed5i b\u1eadt c\u1ee7a XIN88<\/h2><p>C\u00e1c th\u00e0nh vi\u00ean l\u1ef1a ch\u1ecdn c\u00e1 c\u01b0\u1ee3c t\u1ea1i<b>\u00a0XIN88<\/b>\u00a0b\u1edfi th\u01b0\u01a1ng hi\u1ec7u n\u00e0y c\u00f3 nhi\u1ec1u \u01b0u \u0111i\u1ec3m v\u01b0\u1ee3t tr\u1ed9i. T\u1ed5ng h\u1ee3p nh\u1eefng \u0111i\u1ec3m m\u1ea1nh l\u00fd gi\u1ea3i v\u00ec sao th\u01b0\u01a1ng hi\u1ec7u n\u00e0y s\u1edf h\u1eefu \u0111\u01b0\u1ee3c s\u1ed1 l\u01b0\u1ee3ng th\u00e0nh vi\u00ean c\u1ef1c kh\u1ee7ng.<\/p><h3>D\u1ecbch v\u1ee5 c\u00e1 c\u01b0\u1ee3c hi\u1ec7n \u0111\u1ea1i \u0111i k\u00e8m CSKH t\u1eadn t\u00e2m<\/h3><p>Nh\u00e0 c\u00e1i\u00a0<b>XIN88<\/b>\u00a0kh\u00f4ng ch\u1ec9 \u0111\u1ea7u t\u01b0 v\u00e0o kho game c\u00e1 c\u01b0\u1ee3c hi\u1ec7n \u0111\u1ea1i, m\u00e0 c\u00f2n ch\u00fa tr\u1ecdng \u0111\u1ebfn vi\u1ec7c \u0111\u1ed3ng h\u00e0nh c\u00f9ng c\u00e1c th\u00e0nh vi\u00ean. B\u1ea1n c\u00f3 th\u1ec3 tham gia \u0111\u1eb7t c\u01b0\u1ee3c 24\/7 v\u00e0 nh\u1eadn \u0111\u01b0\u1ee3c s\u1ef1 \u0111\u1ed3ng h\u00e0nh c\u1ee7a c\u00e1c chuy\u00ean vi\u00ean h\u1ed7 tr\u1ee3. XIN88 ch\u0103m s\u00f3c kh\u00e1ch h\u00e0ng t\u1eadn t\u00e2m C\u00e1c nh\u00e2n vi\u00ean t\u01b0 v\u1ea5n \u0111\u00e3 tr\u1ea3i qua qu\u00e1 tr\u00ecnh \u0111\u00e0o t\u1ea1o b\u00e0i b\u1ea3n s\u1ebd gi\u00fap b\u1ea1n x\u1eed l\u00fd c\u00e1c v\u1ea5n \u0111\u1ec1 nhanh ch\u00f3ng. Bet th\u1ee7 c\u00f3 nhi\u1ec1u s\u1ef1 l\u1ef1a ch\u1ecdn \u0111\u1ec3 \u0111\u01b0\u1ee3c h\u1ed7 tr\u1ee3 s\u1edbm g\u1ed3m:<\/p><ul><li aria-level=\"1\">G\u1ecdi nhanh th\u00f4ng qua hotline<\/li><li aria-level=\"1\">Gi\u1ea3i \u0111\u00e1p c\u00e1c th\u1eafc m\u1eafc qua email<\/li><li aria-level=\"1\">Chat online ngay tr\u00ean khung tr\u00f2 chuy\u1ec7n tr\u00ean trang ch\u1ee7<\/li><li aria-level=\"1\">Li\u00ean h\u1ec7 c\u00e1c trang m\u1ea1ng x\u00e3 h\u1ed9i.<\/li><\/ul>\t\t\t\t\t\t\t\t<\/div>\n\t\t\t\t<\/div>\n\t\t\t\t\t<\/div>\n\t\t<\/div>\n\t\t\t\t\t<\/div>\n\t\t<\/section>\n\t\t\t\t<section class=\"elementor-section elementor-top-section elementor-element elementor-element-29699c6 elementor-section-boxed elementor-section-height-default elementor-section-height-default\" data-id=\"29699c6\" data-element_type=\"section\">\n\t\t\t\t\t\t<div class=\"elementor-container elementor-column-gap-default\">\n\t\t\t\t\t<div class=\"elementor-column elementor-col-100 elementor-top-column elementor-element elementor-element-4c6e4fb\" data-id=\"4c6e4fb\" data-element_type=\"column\">\n\t\t\t<div class=\"elementor-widget-wrap elementor-element-populated\">\n\t\t\t\t\t\t<div class=\"elementor-element elementor-element-8b73183 elementor-widget elementor-widget-heading\" data-id=\"8b73183\" data-element_type=\"widget\" data-widget_type=\"heading.default\">\n\t\t\t\t<div class=\"elementor-widget-container\">\n\t\t\t\t\t<h2 class=\"elementor-heading-title elementor-size-default\">BLOG C\u00c1 C\u01af\u1ee2C 24\/7<\/h2>\t\t\t\t<\/div>\n\t\t\t\t<\/div>\n\t\t\t\t<div class=\"elementor-element elementor-element-5602f03 elementor-grid-3 elementor-grid-tablet-2 elementor-grid-mobile-1 elementor-posts--thumbnail-top elementor-posts--show-avatar elementor-card-shadow-yes elementor-posts__hover-gradient elementor-widget elementor-widget-posts\" data-id=\"5602f03\" data-element_type=\"widget\" data-settings=\"{&quot;cards_columns&quot;:&quot;3&quot;,&quot;cards_columns_tablet&quot;:&quot;2&quot;,&quot;cards_columns_mobile&quot;:&quot;1&quot;,&quot;cards_row_gap&quot;:{&quot;unit&quot;:&quot;px&quot;,&quot;size&quot;:35,&quot;sizes&quot;:[]},&quot;cards_row_gap_tablet&quot;:{&quot;unit&quot;:&quot;px&quot;,&quot;size&quot;:&quot;&quot;,&quot;sizes&quot;:[]},&quot;cards_row_gap_mobile&quot;:{&quot;unit&quot;:&quot;px&quot;,&quot;size&quot;:&quot;&quot;,&quot;sizes&quot;:[]}}\" data-widget_type=\"posts.cards\">\n\t\t\t\t<div class=\"elementor-widget-container\">\n\t\t\t\t\t\t\t<div class=\"elementor-posts-container elementor-posts elementor-posts--skin-cards elementor-grid\">\n\t\t\t\t<article class=\"elementor-post elementor-grid-item post-1 post type-post status-publish format-standard hentry category-uncategorized\">\n\t\t\t<div class=\"elementor-post__card\">\n\t\t\t\t<div class=\"elementor-post__text\">\n\t\t\t\t<h3 class=\"elementor-post__title\">\n\t\t\t<a href=\"https:\/\/kith.eu.com\/index.php\/2025\/09\/10\/hello-world\/\" target=&quot;_blank&quot;>\n\t\t\t\tHello world!\t\t\t<\/a>\n\t\t<\/h3>\n\t\t\t\t<div class=\"elementor-post__excerpt\">\n\t\t\t<p>Welcome to WordPress. This is your first post. Edit or delete it, then start writing!<\/p>\n\t\t<\/div>\n\t\t\t\t<\/div>\n\t\t\t\t\t<\/div>\n\t\t<\/article>\n\t\t\t\t<\/div>\n\t\t\n\t\t\t\t\t\t<\/div>\n\t\t\t\t<\/div>\n\t\t\t\t\t<\/div>\n\t\t<\/div>\n\t\t\t\t\t<\/div>\n\t\t<\/section>\n\t\t\t\t<\/div>\n\t\t","protected":false},"excerpt":{"rendered":"<p>AU88 \u2705 Link V\u00e0o Nh\u00e0 C\u00e1i\u3010AU88 Com\u3011| \u0110\u0103ng K\u00fd +8888k Lorem ipsum dolor sit amet, consectetur adipiscing elit. Ut elit tellus, luctus nec ullamcorper mattis, pulvinar dapibus leo.Lorem ipsum dolor sit amet consectetur adipiscing elit dolor L\u1ecbch s\u1eed h\u00ecnh th\u00e0nh web c\u00e1 c\u01b0\u1ee3c XIN88 Th\u01b0\u01a1ng hi\u1ec7u\u00a0XIN88\u00a0ch\u00ednh th\u1ee9c ra m\u1eaft n\u0103m 2018 v\u00e0 \u0111\u00e3 \u0111\u0103ng k\u00fd [&#8230;]\n","protected":false},"author":1,"featured_media":0,"parent":0,"menu_order":0,"comment_status":"closed","ping_status":"closed","template":"elementor_header_footer","meta":{"footnotes":""},"class_list":["post-14","page","type-page","status-publish","hentry"],"_links":{"self":[{"href":"https:\/\/kith.eu.com\/index.php\/wp-json\/wp\/v2\/pages\/14","targetHints":{"allow":["GET"]}}],"collection":[{"href":"https:\/\/kith.eu.com\/index.php\/wp-json\/wp\/v2\/pages"}],"about":[{"href":"https:\/\/kith.eu.com\/index.php\/wp-json\/wp\/v2\/types\/page"}],"author":[{"embeddable":true,"href":"https:\/\/kith.eu.com\/index.php\/wp-json\/wp\/v2\/users\/1"}],"replies":[{"embeddable":true,"href":"https:\/\/kith.eu.com\/index.php\/wp-json\/wp\/v2\/comments?post=14"}],"version-history":[{"count":39,"href":"https:\/\/kith.eu.com\/index.php\/wp-json\/wp\/v2\/pages\/14\/revisions"}],"predecessor-version":[{"id":94,"href":"https:\/\/kith.eu.com\/index.php\/wp-json\/wp\/v2\/pages\/14\/revisions\/94"}],"wp:attachment":[{"href":"https:\/\/kith.eu.com\/index.php\/wp-json\/wp\/v2\/media?parent=14"}],"curies":[{"name":"wp","href":"https:\/\/api.w.org\/{rel}","templated":true}]}}